{"id":33527,"date":"2020-05-04T12:49:00","date_gmt":"2020-05-04T09:49:00","guid":{"rendered":"https:\/\/www.sp.k12.tr\/?page_id=33527"},"modified":"2022-08-24T14:54:21","modified_gmt":"2022-08-24T11:54:21","slug":"eleves-delegues","status":"publish","type":"page","link":"https:\/\/www.sp.k12.tr\/fr\/eleves-delegues\/","title":{"rendered":"El\u00e8ves D\u00e9l\u00e9gu\u00e9s"},"content":{"rendered":"<p><strong>Chaque ann\u00e9e des \u00e9l\u00e8ves d\u00e9l\u00e9gu\u00e9s sont \u00e9lus au lyc\u00e9e pour repr\u00e9senter leurs camarades au cours de diff\u00e9rents temps fort de l&rsquo;ann\u00e9e scolaire. Ils ont un r\u00f4le tr\u00e8s important car ce sont les portes-voix des \u00e9l\u00e8ves.<\/strong><\/p>\n<p><strong>R\u00f4le du d\u00e9l\u00e9gu\u00e9 \u00e9l\u00e8ve :<\/strong><\/p>\n<ul>\n<li>Repr\u00e9senter sa classe, \u00eatre le porte-parole entre sa classe et l&rsquo;\u00e9quipe p\u00e9dagogique du lyc\u00e9e<\/li>\n<li>Etablir le rapport de classe pour pr\u00e9parer sa participation au conseil de classe<\/li>\n<li>Prendre la parole durant le conseil de classe et transmettre l&rsquo;avis des \u00e9l\u00e8ves de sa classe<\/li>\n<li>Pr\u00e9parer le compte rendu de la r\u00e9union afin de le pr\u00e9senter aux \u00e9l\u00e8ves de sa classe<\/li>\n<li>Etre responsable de la gestion du cahier de classe<\/li>\n<li>Prendre en charge la gestion du ramassage et de la distribution des t\u00e9l\u00e9phones portables des camarades<\/li>\n<\/ul>\n<p><strong>R\u00f4le des responsables de niveau au conseil de l&rsquo;\u00e9cole :<\/strong><\/p>\n<ul>\n<li>Les d\u00e9l\u00e9gu\u00e9s responsables de niveaux participent \u00e0 la r\u00e9union mensuelle du conseil de l&rsquo;\u00e9cole organis\u00e9e par le directeur du lyc\u00e9e<\/li>\n<li>Chaque d\u00e9l\u00e9gu\u00e9 responsable de niveau repr\u00e9sente son propre niveau<\/li>\n<li>Afin de pr\u00e9parer un ordre du jour, chaque d\u00e9l\u00e9gu\u00e9 responsable de niveau fait des sondages de son niveau. Pour cela il se r\u00e9unit avec les d\u00e9l\u00e9gu\u00e9s de chaque classe de son niveau avant le conseil<\/li>\n<li>Durant le conseil chaque d\u00e9l\u00e9gu\u00e9 responsable de niveau fait l&rsquo;\u00e9valuation de son niveau, il transmet les sujets acad\u00e9miques ou d&rsquo;autres sujets techniques de son niveau<\/li>\n<li>Chaque d\u00e9l\u00e9gu\u00e9 responsable de niveau a le droit de faire des propositions p\u00e9dagogiques pour le bon fonctionnement scolaire ou pour le bien-\u00eatre au lyc\u00e9e<\/li>\n<\/ul>\n<p><strong>En quoi consiste la formation des \u00e9l\u00e8ves d\u00e9l\u00e9gu\u00e9s ? Quel est son r\u00f4le ?<\/strong><\/p>\n<ul>\n<li>Aider les \u00e9l\u00e8ves \u00e0 remplir leur nouvelle mission<\/li>\n<li>Donner une d\u00e9finition g\u00e9n\u00e9rale des t\u00e2ches et des responsabilit\u00e9s du d\u00e9l\u00e9gu\u00e9<\/li>\n<li>Pr\u00e9senter les t\u00e2ches du d\u00e9l\u00e9gu\u00e9 dans le domaine administratif<\/li>\n<li>Pr\u00e9senter le personnel scolaire travaillant dans les diff\u00e9rents d\u00e9partements<\/li>\n<li>Faire comprendre l&rsquo;importance de l&rsquo;\u00e9coute et de la transmission<\/li>\n<li>Donner des outils pour mieux s&rsquo;exprimer \u00e0 l&rsquo;oral<\/li>\n<li>Expliquer comment pr\u00e9parer les compte-rendus et la prise de note<\/li>\n<li>Ecouter les discours \u00e9lectoraux<\/li>\n<\/ul>\n<p>N&rsquo;h\u00e9sitez pas vous ici \u00e0 devenir \u00e9l\u00e8ve d\u00e9l\u00e9gu\u00e9. C&rsquo;est une exp\u00e9rience unique qui vous servira durant votre vie.<\/p>\n<p>&nbsp;<\/p>\n","protected":false},"excerpt":{"rendered":"<p>Chaque ann\u00e9e des \u00e9l\u00e8ves d\u00e9l\u00e9gu\u00e9s sont \u00e9lus au lyc\u00e9e pour repr\u00e9senter leurs camarades au cours de diff\u00e9rents temps fort de l&rsquo;ann\u00e9e scolaire. Ils ont un r\u00f4le tr\u00e8s important car ce sont les portes-voix des \u00e9l\u00e8ves. R\u00f4le du d\u00e9l\u00e9gu\u00e9 \u00e9l\u00e8ve : [&hellip;]<\/p>\n","protected":false},"author":1,"featured_media":33654,"parent":0,"menu_order":0,"comment_status":"closed","ping_status":"closed","template":"post-template.php","meta":{"_monsterinsights_skip_tracking":false,"_monsterinsights_sitenote_active":false,"_monsterinsights_sitenote_note":"","_monsterinsights_sitenote_category":0,"footnotes":""},"categories":[],"tags":[],"class_list":["post-33527","page","type-page","status-publish","has-post-thumbnail","hentry"],"_links":{"self":[{"href":"https:\/\/www.sp.k12.tr\/fr\/wp-json\/wp\/v2\/pages\/33527","targetHints":{"allow":["GET"]}}],"collection":[{"href":"https:\/\/www.sp.k12.tr\/fr\/wp-json\/wp\/v2\/pages"}],"about":[{"href":"https:\/\/www.sp.k12.tr\/fr\/wp-json\/wp\/v2\/types\/page"}],"author":[{"embeddable":true,"href":"https:\/\/www.sp.k12.tr\/fr\/wp-json\/wp\/v2\/users\/1"}],"replies":[{"embeddable":true,"href":"https:\/\/www.sp.k12.tr\/fr\/wp-json\/wp\/v2\/comments?post=33527"}],"version-history":[{"count":0,"href":"https:\/\/www.sp.k12.tr\/fr\/wp-json\/wp\/v2\/pages\/33527\/revisions"}],"wp:featuredmedia":[{"embeddable":true,"href":"https:\/\/www.sp.k12.tr\/fr\/wp-json\/wp\/v2\/media\/33654"}],"wp:attachment":[{"href":"https:\/\/www.sp.k12.tr\/fr\/wp-json\/wp\/v2\/media?parent=33527"}],"wp:term":[{"taxonomy":"category","embeddable":true,"href":"https:\/\/www.sp.k12.tr\/fr\/wp-json\/wp\/v2\/categories?post=33527"},{"taxonomy":"post_tag","embeddable":true,"href":"https:\/\/www.sp.k12.tr\/fr\/wp-json\/wp\/v2\/tags?post=33527"}],"curies":[{"name":"wp","href":"https:\/\/api.w.org\/{rel}","templated":true}]}}