{"id":29707,"date":"2020-02-02T23:25:27","date_gmt":"2020-02-02T20:25:27","guid":{"rendered":"https:\/\/www.sp.k12.tr\/?page_id=29707"},"modified":"2020-02-02T23:25:58","modified_gmt":"2020-02-02T20:25:58","slug":"bulletins-specifique","status":"publish","type":"page","link":"https:\/\/www.sp.k12.tr\/fr\/bulletins-specifique\/","title":{"rendered":"Bulletins SP\u00e9cifique"},"content":{"rendered":"<p>[vc_row][vc_column]<div class=\"edgtf-blog-list-holder edgtf-grid-list edgtf-bl-boxed edgtf-one-columns  edgtf-huge-space edgtf-bl-pag-load-more\"  data-type=boxed data-number-of-posts=5 data-number-of-columns=one data-space-between-items=huge data-category=specifique data-orderby=date data-order=DESC data-image-size=full data-title-tag=h4 data-excerpt-length=20 data-post-info-section=no data-post-info-image=yes data-post-info-author=yes data-post-info-date=yes data-post-info-category=yes data-post-info-comments=no data-post-info-like=no data-post-info-share=no data-pagination-type=load-more data-max-num-pages=10 data-next-page=2>\n\t<div class=\"edgtf-bl-wrapper edgtf-outer-space\">\n\t\t<ul class=\"edgtf-blog-list\">\n\t\t\t<li class=\"edgtf-bl-item edgtf-item-space blogLister\">\n\t<div class=\"edgtf-bli-inner\">\n\t\t\n\t<div class=\"edgtf-post-image\">\n\t\t\t\t\t<a itemprop=\"url\" href=\"https:\/\/www.sp.k12.tr\/fr\/bulten-specifique-ekim-ayi\/\" title=\"B\u00fclten SP\u00e9cifique Ekim Ay\u0131\">\n\t\t\t\t\t<img fetchpriority=\"high\" decoding=\"async\" width=\"1414\" height=\"2000\" src=\"https:\/\/www.sp.k12.tr\/wp-content\/uploads\/2025\/10\/Bulten-spe-1.png\" class=\"attachment-full size-full wp-post-image\" alt=\"\" srcset=\"https:\/\/www.sp.k12.tr\/wp-content\/uploads\/2025\/10\/Bulten-spe-1.png 1414w, https:\/\/www.sp.k12.tr\/wp-content\/uploads\/2025\/10\/Bulten-spe-1-212x300.png 212w, https:\/\/www.sp.k12.tr\/wp-content\/uploads\/2025\/10\/Bulten-spe-1-724x1024.png 724w, https:\/\/www.sp.k12.tr\/wp-content\/uploads\/2025\/10\/Bulten-spe-1-768x1086.png 768w, https:\/\/www.sp.k12.tr\/wp-content\/uploads\/2025\/10\/Bulten-spe-1-1086x1536.png 1086w\" sizes=\"(max-width: 1414px) 100vw, 1414px\" \/>\t\t\t\t\t<\/a>\n\t\t\t\t\t<\/div>\n        <div class=\"edgtf-bli-content\">\n            \t\n\t        \n<h4 itemprop=\"name\" class=\"entry-title edgtf-post-title\" >\n            <a itemprop=\"url\" href=\"https:\/\/www.sp.k12.tr\/fr\/bulten-specifique-ekim-ayi\/\" title=\"B\u00fclten SP\u00e9cifique Ekim Ay\u0131\">\n            B\u00fclten SP\u00e9cifique Ekim Ay\u0131            <\/a>\n    <\/h4>\t\n\t        <div class=\"edgtf-bli-excerpt\">\n\t\t        B\u00fclten SP\u00e9cifique Ekim ay\u0131 say\u0131s\u0131n\u0131 siz okuyucular\u0131m\u0131z\u0131n dikkatine sunar\u0131z. \t\t        \t<div class=\"edgtf-post-read-more-button\">\n\t\t<a itemprop=\"url\" href=\"https:\/\/www.sp.k12.tr\/fr\/bulten-specifique-ekim-ayi\/\" target=\"_self\"  class=\"edgtf-btn edgtf-btn-medium edgtf-btn-simple edgtf-blog-list-button\" data-move=\"strict\" data-text=\"en savoir +\" >    <span class=\"edgtf-btn-text\">en savoir +<\/span>    <\/a>\t<\/div>\n\t        <\/div>\n        <\/div>\n\t<\/div>\n<\/li><li class=\"edgtf-bl-item edgtf-item-space blogLister\">\n\t<div class=\"edgtf-bli-inner\">\n\t\t\n\t<div class=\"edgtf-post-image\">\n\t\t\t\t\t<a itemprop=\"url\" href=\"https:\/\/www.sp.k12.tr\/fr\/a-lapproche-des-vacances-dete\/\" title=\"\u00c0 l&rsquo;approche des vacances d&rsquo;\u00e9t\u00e9\">\n\t\t\t\t\t<img decoding=\"async\" width=\"1500\" height=\"1500\" src=\"https:\/\/www.sp.k12.tr\/wp-content\/uploads\/2025\/06\/2-2.jpg\" class=\"attachment-full size-full wp-post-image\" alt=\"\" srcset=\"https:\/\/www.sp.k12.tr\/wp-content\/uploads\/2025\/06\/2-2.jpg 1500w, https:\/\/www.sp.k12.tr\/wp-content\/uploads\/2025\/06\/2-2-300x300.jpg 300w, https:\/\/www.sp.k12.tr\/wp-content\/uploads\/2025\/06\/2-2-1024x1024.jpg 1024w, https:\/\/www.sp.k12.tr\/wp-content\/uploads\/2025\/06\/2-2-150x150.jpg 150w, https:\/\/www.sp.k12.tr\/wp-content\/uploads\/2025\/06\/2-2-768x768.jpg 768w, https:\/\/www.sp.k12.tr\/wp-content\/uploads\/2025\/06\/2-2-650x650.jpg 650w, https:\/\/www.sp.k12.tr\/wp-content\/uploads\/2025\/06\/2-2-1300x1300.jpg 1300w, https:\/\/www.sp.k12.tr\/wp-content\/uploads\/2025\/06\/2-2-500x500.jpg 500w\" sizes=\"(max-width: 1500px) 100vw, 1500px\" \/>\t\t\t\t\t<\/a>\n\t\t\t\t\t<\/div>\n        <div class=\"edgtf-bli-content\">\n            \t\n\t        \n<h4 itemprop=\"name\" class=\"entry-title edgtf-post-title\" >\n            <a itemprop=\"url\" href=\"https:\/\/www.sp.k12.tr\/fr\/a-lapproche-des-vacances-dete\/\" title=\"\u00c0 l&rsquo;approche des vacances d&rsquo;\u00e9t\u00e9\">\n            \u00c0 l&rsquo;approche des vacances d&rsquo;\u00e9t\u00e9            <\/a>\n    <\/h4>\t\n\t        <div class=\"edgtf-bli-excerpt\">\n\t\t        Le num\u00e9ro de juin du bulletin SP\u00e9cifique est sorti.\t\t        \t<div class=\"edgtf-post-read-more-button\">\n\t\t<a itemprop=\"url\" href=\"https:\/\/www.sp.k12.tr\/fr\/a-lapproche-des-vacances-dete\/\" target=\"_self\"  class=\"edgtf-btn edgtf-btn-medium edgtf-btn-simple edgtf-blog-list-button\" data-move=\"strict\" data-text=\"en savoir +\" >    <span class=\"edgtf-btn-text\">en savoir +<\/span>    <\/a>\t<\/div>\n\t        <\/div>\n        <\/div>\n\t<\/div>\n<\/li><li class=\"edgtf-bl-item edgtf-item-space blogLister\">\n\t<div class=\"edgtf-bli-inner\">\n\t\t\n\t<div class=\"edgtf-post-image\">\n\t\t\t\t\t<a itemprop=\"url\" href=\"https:\/\/www.sp.k12.tr\/fr\/specifique-subat-bulteni\/\" title=\"Bulletin SP\u00e9cifique F\u00e9vrier\">\n\t\t\t\t\t<img decoding=\"async\" width=\"793\" height=\"391\" src=\"https:\/\/www.sp.k12.tr\/wp-content\/uploads\/2024\/03\/SP-bulletin.png\" class=\"attachment-full size-full wp-post-image\" alt=\"\" srcset=\"https:\/\/www.sp.k12.tr\/wp-content\/uploads\/2024\/03\/SP-bulletin.png 793w, https:\/\/www.sp.k12.tr\/wp-content\/uploads\/2024\/03\/SP-bulletin-300x148.png 300w, https:\/\/www.sp.k12.tr\/wp-content\/uploads\/2024\/03\/SP-bulletin-768x379.png 768w\" sizes=\"(max-width: 793px) 100vw, 793px\" \/>\t\t\t\t\t<\/a>\n\t\t\t\t\t<\/div>\n        <div class=\"edgtf-bli-content\">\n            \t\n\t        \n<h4 itemprop=\"name\" class=\"entry-title edgtf-post-title\" >\n            <a itemprop=\"url\" href=\"https:\/\/www.sp.k12.tr\/fr\/specifique-subat-bulteni\/\" title=\"Bulletin SP\u00e9cifique F\u00e9vrier\">\n            Bulletin SP\u00e9cifique F\u00e9vrier            <\/a>\n    <\/h4>\t\n\t        <div class=\"edgtf-bli-excerpt\">\n\t\t        Notre Service d'orientation et de soutien psychologique a le plaisir de vous annoncer la 3\u00e8me \u00e9dition de son bulletin SP\u00e9cifique. Nous avons consacr\u00e9 notre \u00e9dition de ce mois-ci aux \"Premiers Secours Psychologiques\"\t\t        \t<div class=\"edgtf-post-read-more-button\">\n\t\t<a itemprop=\"url\" href=\"https:\/\/www.sp.k12.tr\/fr\/specifique-subat-bulteni\/\" target=\"_self\"  class=\"edgtf-btn edgtf-btn-medium edgtf-btn-simple edgtf-blog-list-button\" data-move=\"strict\" data-text=\"en savoir +\" >    <span class=\"edgtf-btn-text\">en savoir +<\/span>    <\/a>\t<\/div>\n\t        <\/div>\n        <\/div>\n\t<\/div>\n<\/li><li class=\"edgtf-bl-item edgtf-item-space blogLister\">\n\t<div class=\"edgtf-bli-inner\">\n\t\t\n\t<div class=\"edgtf-post-image\">\n\t\t\t\t\t<a itemprop=\"url\" href=\"https:\/\/www.sp.k12.tr\/fr\/specifique-aralik-bulteni\/\" title=\"Bulletin SP\u00e9cifique d\u00e9cembre\">\n\t\t\t\t\t<img loading=\"lazy\" decoding=\"async\" width=\"793\" height=\"391\" src=\"https:\/\/www.sp.k12.tr\/wp-content\/uploads\/2022\/03\/SP.png\" class=\"attachment-full size-full wp-post-image\" alt=\"\" srcset=\"https:\/\/www.sp.k12.tr\/wp-content\/uploads\/2022\/03\/SP.png 793w, https:\/\/www.sp.k12.tr\/wp-content\/uploads\/2022\/03\/SP-300x148.png 300w, https:\/\/www.sp.k12.tr\/wp-content\/uploads\/2022\/03\/SP-768x379.png 768w\" sizes=\"(max-width: 793px) 100vw, 793px\" \/>\t\t\t\t\t<\/a>\n\t\t\t\t\t<\/div>\n        <div class=\"edgtf-bli-content\">\n            \t\n\t        \n<h4 itemprop=\"name\" class=\"entry-title edgtf-post-title\" >\n            <a itemprop=\"url\" href=\"https:\/\/www.sp.k12.tr\/fr\/specifique-aralik-bulteni\/\" title=\"Bulletin SP\u00e9cifique d\u00e9cembre\">\n            Bulletin SP\u00e9cifique d\u00e9cembre            <\/a>\n    <\/h4>\t\n\t        <div class=\"edgtf-bli-excerpt\">\n\t\t        Le deuxi\u00e8me num\u00e9ro de notre Bulletin Sp\u00e9cifique du Service d'orientation et de psychologie est maintenant disponible ! Dans cette \u00e9dition, nous nous sommes concentr\u00e9s sur les sujets de l'amiti\u00e9 toxique et du harc\u00e8lement.\t\t        \t<div class=\"edgtf-post-read-more-button\">\n\t\t<a itemprop=\"url\" href=\"https:\/\/www.sp.k12.tr\/fr\/specifique-aralik-bulteni\/\" target=\"_self\"  class=\"edgtf-btn edgtf-btn-medium edgtf-btn-simple edgtf-blog-list-button\" data-move=\"strict\" data-text=\"en savoir +\" >    <span class=\"edgtf-btn-text\">en savoir +<\/span>    <\/a>\t<\/div>\n\t        <\/div>\n        <\/div>\n\t<\/div>\n<\/li><li class=\"edgtf-bl-item edgtf-item-space blogLister\">\n\t<div class=\"edgtf-bli-inner\">\n\t\t\n\t<div class=\"edgtf-post-image\">\n\t\t\t\t\t<a itemprop=\"url\" href=\"https:\/\/www.sp.k12.tr\/fr\/specifique-ekim-bulteni\/\" title=\"Bulletin SP\u00e9cifique octobre\">\n\t\t\t\t\t<img loading=\"lazy\" decoding=\"async\" width=\"793\" height=\"391\" src=\"https:\/\/www.sp.k12.tr\/wp-content\/uploads\/2022\/03\/SP.png\" class=\"attachment-full size-full wp-post-image\" alt=\"\" srcset=\"https:\/\/www.sp.k12.tr\/wp-content\/uploads\/2022\/03\/SP.png 793w, https:\/\/www.sp.k12.tr\/wp-content\/uploads\/2022\/03\/SP-300x148.png 300w, https:\/\/www.sp.k12.tr\/wp-content\/uploads\/2022\/03\/SP-768x379.png 768w\" sizes=\"(max-width: 793px) 100vw, 793px\" \/>\t\t\t\t\t<\/a>\n\t\t\t\t\t<\/div>\n        <div class=\"edgtf-bli-content\">\n            \t\n\t        \n<h4 itemprop=\"name\" class=\"entry-title edgtf-post-title\" >\n            <a itemprop=\"url\" href=\"https:\/\/www.sp.k12.tr\/fr\/specifique-ekim-bulteni\/\" title=\"Bulletin SP\u00e9cifique octobre\">\n            Bulletin SP\u00e9cifique octobre            <\/a>\n    <\/h4>\t\n\t        <div class=\"edgtf-bli-excerpt\">\n\t\t        Le Service d'Orientation et de Conseil Psychologique souhaite la bienvenue \u00e0 la nouvelle ann\u00e9e scolaire avec le Bulletin SP\u00e9cifique ! Nous avons consacr\u00e9 le premier num\u00e9ro de cette ann\u00e9e \u00e0 la pr\u00e9sentation du magazine.\t\t        \t<div class=\"edgtf-post-read-more-button\">\n\t\t<a itemprop=\"url\" href=\"https:\/\/www.sp.k12.tr\/fr\/specifique-ekim-bulteni\/\" target=\"_self\"  class=\"edgtf-btn edgtf-btn-medium edgtf-btn-simple edgtf-blog-list-button\" data-move=\"strict\" data-text=\"en savoir +\" >    <span class=\"edgtf-btn-text\">en savoir +<\/span>    <\/a>\t<\/div>\n\t        <\/div>\n        <\/div>\n\t<\/div>\n<\/li>\t\t<\/ul>\n\t<\/div>\n\t\t<div class=\"edgtf-blog-pag-loading\">\n\t\t<div class=\"edgtf-blog-pag-bounce1\"><\/div>\n\t\t<div class=\"edgtf-blog-pag-bounce2\"><\/div>\n\t\t<div class=\"edgtf-blog-pag-bounce3\"><\/div>\n\t<\/div>\n\t<div class=\"edgtf-blog-pag-load-more\">\n\t\t<a itemprop=\"url\" href=\"#\" target=\"_self\"  class=\"edgtf-btn edgtf-btn-medium edgtf-btn-solid\" data-move=\"strict\" data-text=\"Charger Plus\" >    <span class=\"edgtf-btn-text\">Charger Plus<\/span>    <\/a>\t<\/div>\n<input type=\"hidden\" id=\"qodef_blog_load_more_nonce_8672\" name=\"qodef_blog_load_more_nonce_8672\" value=\"94326d5e83\" \/><input type=\"hidden\" name=\"_wp_http_referer\" value=\"\/fr\/wp-json\/wp\/v2\/pages\/29707\" \/><\/div>[\/vc_column][\/vc_row]<\/p>\n","protected":false},"excerpt":{"rendered":"<p>[vc_row][vc_column][\/vc_column][\/vc_row]<\/p>\n","protected":false},"author":1,"featured_media":45339,"parent":0,"menu_order":0,"comment_status":"closed","ping_status":"closed","template":"","meta":{"_monsterinsights_skip_tracking":false,"_monsterinsights_sitenote_active":false,"_monsterinsights_sitenote_note":"","_monsterinsights_sitenote_category":0,"footnotes":""},"categories":[140],"tags":[],"class_list":["post-29707","page","type-page","status-publish","has-post-thumbnail","hentry","category-orientation"],"_links":{"self":[{"href":"https:\/\/www.sp.k12.tr\/fr\/wp-json\/wp\/v2\/pages\/29707","targetHints":{"allow":["GET"]}}],"collection":[{"href":"https:\/\/www.sp.k12.tr\/fr\/wp-json\/wp\/v2\/pages"}],"about":[{"href":"https:\/\/www.sp.k12.tr\/fr\/wp-json\/wp\/v2\/types\/page"}],"author":[{"embeddable":true,"href":"https:\/\/www.sp.k12.tr\/fr\/wp-json\/wp\/v2\/users\/1"}],"replies":[{"embeddable":true,"href":"https:\/\/www.sp.k12.tr\/fr\/wp-json\/wp\/v2\/comments?post=29707"}],"version-history":[{"count":0,"href":"https:\/\/www.sp.k12.tr\/fr\/wp-json\/wp\/v2\/pages\/29707\/revisions"}],"wp:featuredmedia":[{"embeddable":true,"href":"https:\/\/www.sp.k12.tr\/fr\/wp-json\/wp\/v2\/media\/45339"}],"wp:attachment":[{"href":"https:\/\/www.sp.k12.tr\/fr\/wp-json\/wp\/v2\/media?parent=29707"}],"wp:term":[{"taxonomy":"category","embeddable":true,"href":"https:\/\/www.sp.k12.tr\/fr\/wp-json\/wp\/v2\/categories?post=29707"},{"taxonomy":"post_tag","embeddable":true,"href":"https:\/\/www.sp.k12.tr\/fr\/wp-json\/wp\/v2\/tags?post=29707"}],"curies":[{"name":"wp","href":"https:\/\/api.w.org\/{rel}","templated":true}]}}