{"id":21726,"date":"2014-08-11T13:53:24","date_gmt":"2014-08-11T10:53:24","guid":{"rendered":"https:\/\/www.sp.k12.tr\/?page_id=21726"},"modified":"2025-11-07T08:39:27","modified_gmt":"2025-11-07T05:39:27","slug":"sp-en-bref","status":"publish","type":"page","link":"https:\/\/www.sp.k12.tr\/fr\/sp-en-bref\/","title":{"rendered":"SP en bref"},"content":{"rendered":"<p><span style=\"font-family: georgia, palatino, serif; font-size: 14pt;\"><strong>D\u00e9couvrez en quelques mots l\u2019histoire, les conditions d\u2019admission, l\u2019enseignement des langues au lyc\u00e9e, la vision de la p\u00e9dagogie, l\u2019infrastructure du Lyc\u00e9e Sainte Pulch\u00e9rie.<\/strong><\/span><\/p>\n<p><span style=\"font-family: georgia, palatino, serif; font-size: 14pt;\">Depuis 1846, l\u2019institution Sainte Pulch\u00e9rie scolarise des jeunes et d\u00e9fend des valeurs humanistes bas\u00e9es sur la transmission du savoir, le respect de la libert\u00e9, la proximit\u00e9, la reconnaissance des individus, le d\u00e9veloppement int\u00e9gral et personnel. Situ\u00e9 sur la rive europ\u00e9enne, au c\u0153ur de Beyoglu, quartier moderne et central, pr\u00e8s de la place de Taksim, le lyc\u00e9e est l\u2019un des dix meilleurs \u00e9tablissements de Turquie et constitue un lieu d\u2019accueil privil\u00e9gi\u00e9.<\/span><\/p>\n<h4><span style=\"font-family: georgia, palatino, serif; font-size: 14pt;\">Un lyc\u00e9e moderne ancr\u00e9 dans l\u2019histoire et la tradition<\/span><\/h4>\n<p><span style=\"font-family: georgia, palatino, serif; font-size: 14pt;\">Le Lyc\u00e9e Sainte Pulch\u00e9rie est un \u00e9tablissement d\u2019enseignement secondaire mixte scolarisant plus de 450 \u00e9l\u00e8ves.<\/span><\/p>\n<p><span style=\"font-family: georgia, palatino, serif; font-size: 14pt;\">L\u2019institution Sainte Pulch\u00e9rie a \u00e9t\u00e9 fond\u00e9e en 1846 par les Filles de la Charit\u00e9 et a d\u2019abord scolaris\u00e9 les \u00e9l\u00e8ves dans le cadre d\u2019un coll\u00e8ge. Ces s\u0153urs suivent l\u2019esprit de Saint Vincent de Paul et sont toujours actives \u00e0 travers le monde.<\/span><\/p>\n<p><span style=\"font-family: georgia, palatino, serif; font-size: 14pt;\">L\u2019\u00e9tablissement fait partie des six lyc\u00e9es fran\u00e7ais de Turquie reconnus comme \u00e9coles \u00e9trang\u00e8res par la Direction G\u00e9n\u00e9rale des Ecoles Priv\u00e9es du Minist\u00e8re Turc de l\u2019Education Nationale. Comme les autres \u00e9coles francophones de Turquie, il est partie prenante de la convention sign\u00e9e avec le Minist\u00e8re des Affaires Etrang\u00e8res le 13 juin 2000.<\/span><\/p>\n<p><span style=\"font-family: georgia, palatino, serif; font-size: 14pt;\">Des anciens \u00e9l\u00e8ves du Lyc\u00e9e Sainte Pulch\u00e9rie fondent en l\u2019an 2000 une \u00e9cole primaire et un coll\u00e8ge \u00ab\u00a0<a href=\"https:\/\/www.yeninesil.k12.tr\/\">YEN\u0130 NES\u0130L 2000<\/a>\u00a0\u00bb qui scolarise aujourd\u2019hui plus de 200 \u00e9l\u00e8ves. Le Lyc\u00e9e Sainte Pulch\u00e9rie et YEN\u0130 NES\u0130L 2000 travaillent en \u00e9troite collaboration dans la mise en place d\u2019une \u00e9ducation bas\u00e9e sur la p\u00e9dagogie de projets.<\/span><\/p>\n<h4><span style=\"font-family: georgia, palatino, serif; font-size: 14pt;\">Admissions<\/span><\/h4>\n<p><span style=\"font-family: georgia, palatino, serif; font-size: 14pt;\">Chaque ann\u00e9e, l\u2019ensemble des \u00e9l\u00e8ves issus de l\u2019ensemble des coll\u00e8ges de Turquie passent un concours s\u00e9lectif qui leur permet, en fonction des points obtenus, d\u2019acc\u00e9der \u00e0 la scolarisation au Lyc\u00e9e Sainte Pulch\u00e9rie. Les points exig\u00e9s pour \u00eatre scolaris\u00e9 au lyc\u00e9e Sainte Pulch\u00e9rie se situent parmi les meilleurs points des lyc\u00e9es d\u2019Istanbul.<\/span><\/p>\n<h4><span style=\"font-family: georgia, palatino, serif; font-size: 14pt;\">P\u00e9dagogie<\/span><\/h4>\n<p><span style=\"font-family: georgia, palatino, serif; font-size: 14pt;\">Le Lyc\u00e9e Sainte Pulch\u00e9rie est un \u00e9tablissement d\u2019excellence qui se modernise en permanence. Il sait allier les acquis de la tradition qui ont fait leur preuve aux nouveaut\u00e9s de l\u2019innovation qui pr\u00e9parent l\u2019avenir. Le lyc\u00e9e pr\u00e9pare les \u00e9l\u00e8ves \u00e0 un dipl\u00f4me de fin d\u2019\u00e9tudes en cinq ans : une ann\u00e9e de classe pr\u00e9paratoire &#8211; lyc\u00e9e avec un enseignement intensif en langue fran\u00e7aise suivi de quatre ann\u00e9es de lyc\u00e9e.<\/span><\/p>\n<p><span style=\"font-family: georgia, palatino, serif; font-size: 14pt;\">Le Lyc\u00e9e est choisi par les parents d\u2019\u00e9l\u00e8ves pour la qualit\u00e9 de son enseignement francophone, sa discipline dans l\u2019\u00e9ducation et l\u2019accompagnement des jeunes et son ouverture. Aussi le personnel de direction, le cadre p\u00e9dagogique, les intervenants ext\u00e9rieurs travaillent en \u00e9troite collaboration avec les familles pour atteindre le m\u00eame objectif : faire de l\u2019\u00e9cole un milieu o\u00f9 les jeunes sont soutenus, accept\u00e9s et valoris\u00e9s.<\/span><\/p>\n<p><span style=\"font-family: georgia, palatino, serif; font-size: 14pt;\">Comme les autres lyc\u00e9es francophones de Turquie, le Lyc\u00e9e Sainte Pulch\u00e9rie dispose d\u2019un contingent au sein de la seule universit\u00e9 francophone du pays, l\u2019Universit\u00e9 de Galatasaray.<\/span><\/p>\n<p><span style=\"font-family: georgia, palatino, serif; font-size: 14pt;\">Une grande majorit\u00e9 des \u00e9l\u00e8ves, \u00e0 l\u2019issue de leur dipl\u00f4me, postulent pour \u00e9tudier en France dans les meilleures universit\u00e9s et \u00e9coles sup\u00e9rieures. 98 % des dossiers sont accept\u00e9s et 10 % des postulants choisiront de partir poursuivre leurs \u00e9tudes en France ou dans d\u2019autres pays.<\/span><\/p>\n<h4><span style=\"font-family: georgia, palatino, serif; font-size: 14pt;\">Place des langues<\/span><\/h4>\n<p><span style=\"font-family: georgia, palatino, serif; font-size: 14pt;\">Le projet \u00e9ducatif est soutenu par une \u00e9quipe p\u00e9dagogique bilingue dynamique et active. A l\u2019issue de leur cursus, les \u00e9l\u00e8ves ma\u00eetrisent le fran\u00e7ais et l\u2019anglais. Le Lyc\u00e9e met \u00e0 leur disposition tous les moyens p\u00e9dagogiques au service de l\u2019apprentissage linguistique : s\u00e9jours \u00e0 l\u2019\u00e9tranger, pr\u00e9paration aux certifications linguistiques internationales (\u0130ELTS, DELF-DALF&#8230;), projets de cr\u00e9ation artistique avec des artistes natifs, cr\u00e9ation de blogs en fran\u00e7ais ou en anglais soutenus par les professeurs, activit\u00e9s de clubs (MUN, th\u00e9\u00e2tre en langue fran\u00e7aise&#8230;), projets litt\u00e9raires men\u00e9s par des \u00e9crivains fran\u00e7ais&#8230;<\/span><\/p>\n<h4>\u00a0<\/h4>\n<h4><span style=\"font-family: georgia, palatino, serif; font-size: 14pt;\">Un regard ouvert sur le monde<\/span><\/h4>\n<p><span style=\"font-family: georgia, palatino, serif; font-size: 14pt;\">Les \u00e9l\u00e8ves \u00e9tudient dans un \u00e9tablissement v\u00e9ritablement tourn\u00e9 vers l\u2019ext\u00e9rieur. Au Lyc\u00e9e Sainte Pulch\u00e9rie, les \u00e9l\u00e8ves sont sans cesse encourag\u00e9s \u00e0 s\u2019ouvrir aux autres, \u00e0 s\u2019\u00e9panouir et \u00e0 \u00eatre curieux de ce qui les entoure. A travers l\u2019ensemble des projets d\u00e9velopp\u00e9s par la communaut\u00e9 \u00e9ducative, les nombreux clubs et activit\u00e9s extrascolaires propos\u00e9s, ils vivent une scolarit\u00e9 \u00e9panouie et motivante.<\/span><\/p>\n<h4><span style=\"font-family: georgia, palatino, serif; font-size: 14pt;\">Le d\u00e9veloppement durable<\/span><\/h4>\n<p><span style=\"font-family: georgia, palatino, serif; font-size: 14pt;\">Les \u00e9l\u00e8ves sont invit\u00e9s \u00e0 r\u00e9fl\u00e9chir au rapport qu\u2019ils entretiennent avec leur environnement naturel dont l\u2019exploitation comporte une commune responsabilit\u00e9 \u00e0 l\u2019\u00e9gard de l\u2019humanit\u00e9 tout enti\u00e8re. Ils sont encourag\u00e9s \u00e0 mener une vie \u00e9quilibr\u00e9e, saine avec une attention particuli\u00e8re \u00e0 leur sant\u00e9 et \u00e0 la pratique d\u2019un sport.<\/span><\/p>\n<h4><span style=\"font-family: georgia, palatino, serif; font-size: 14pt;\">Des espaces modernes, des outils innovants<\/span><\/h4>\n<p><span style=\"font-family: georgia, palatino, serif; font-size: 14pt;\">Au Lyc\u00e9e Sainte Pulch\u00e9rie, les \u00e9l\u00e8ves b\u00e9n\u00e9ficient de :<\/span><\/p>\n<ul>\n<li><span style=\"font-family: georgia, palatino, serif; font-size: 14pt;\">Classes modernes \u00e9quip\u00e9es qui permettent le d\u00e9veloppement des nouvelles technologies de l\u2019\u00e9ducation \u00ab\u00a0Edtech\u00a0\u00bb<\/span><\/li>\n<li><span style=\"font-family: georgia, palatino, serif; font-size: 14pt;\">Une plateforme d\u00e9di\u00e9e \u00e0 l\u2019enseignement \u00e0 distance eSPrit<\/span><\/li>\n<li><span style=\"font-family: georgia, palatino, serif; font-size: 14pt;\">Des espaces multim\u00e9dias en acc\u00e8s libre toute la journ\u00e9e<\/span><\/li>\n<li><span style=\"font-family: georgia, palatino, serif; font-size: 14pt;\">Un laboratoire de 200m2 d\u00e9di\u00e9 aux sciences et \u00e0 la robotique : \u00ab\u00a0LaboSPh\u00e8re\u00a0\u00bb<\/span><\/li>\n<li><span style=\"font-family: georgia, palatino, serif; font-size: 14pt;\">Une salle de spectacle moderne de 360 places dot\u00e9e d\u2019un \u00e9quipement professionnel<\/span><\/li>\n<li><span style=\"font-family: georgia, palatino, serif; font-size: 14pt;\">Une galerie d\u2019art \u00ab\u00a0Od\u2019A-Ouvroir d\u2019Art\u00a0\u00bb de 250m2 qui accueille les expositions d\u2019artistes internationaux mais aussi des projets d\u2019\u00e9l\u00e8ves<\/span><\/li>\n<\/ul>\n","protected":false},"excerpt":{"rendered":"<p>D\u00e9couvrez en quelques mots l\u2019histoire, les conditions d\u2019admission, l\u2019enseignement des langues au lyc\u00e9e, la vision de la p\u00e9dagogie, l\u2019infrastructure du Lyc\u00e9e Sainte Pulch\u00e9rie. Depuis 1846, l\u2019institution Sainte Pulch\u00e9rie scolarise des jeunes et d\u00e9fend des valeurs humanistes bas\u00e9es sur la transmission [&hellip;]<\/p>\n","protected":false},"author":1,"featured_media":24336,"parent":0,"menu_order":0,"comment_status":"closed","ping_status":"closed","template":"","meta":{"_monsterinsights_skip_tracking":false,"_monsterinsights_sitenote_active":false,"_monsterinsights_sitenote_note":"","_monsterinsights_sitenote_category":0,"footnotes":""},"categories":[],"tags":[],"class_list":["post-21726","page","type-page","status-publish","has-post-thumbnail","hentry"],"_links":{"self":[{"href":"https:\/\/www.sp.k12.tr\/fr\/wp-json\/wp\/v2\/pages\/21726","targetHints":{"allow":["GET"]}}],"collection":[{"href":"https:\/\/www.sp.k12.tr\/fr\/wp-json\/wp\/v2\/pages"}],"about":[{"href":"https:\/\/www.sp.k12.tr\/fr\/wp-json\/wp\/v2\/types\/page"}],"author":[{"embeddable":true,"href":"https:\/\/www.sp.k12.tr\/fr\/wp-json\/wp\/v2\/users\/1"}],"replies":[{"embeddable":true,"href":"https:\/\/www.sp.k12.tr\/fr\/wp-json\/wp\/v2\/comments?post=21726"}],"version-history":[{"count":0,"href":"https:\/\/www.sp.k12.tr\/fr\/wp-json\/wp\/v2\/pages\/21726\/revisions"}],"wp:featuredmedia":[{"embeddable":true,"href":"https:\/\/www.sp.k12.tr\/fr\/wp-json\/wp\/v2\/media\/24336"}],"wp:attachment":[{"href":"https:\/\/www.sp.k12.tr\/fr\/wp-json\/wp\/v2\/media?parent=21726"}],"wp:term":[{"taxonomy":"category","embeddable":true,"href":"https:\/\/www.sp.k12.tr\/fr\/wp-json\/wp\/v2\/categories?post=21726"},{"taxonomy":"post_tag","embeddable":true,"href":"https:\/\/www.sp.k12.tr\/fr\/wp-json\/wp\/v2\/tags?post=21726"}],"curies":[{"name":"wp","href":"https:\/\/api.w.org\/{rel}","templated":true}]}}